{"id":831,"date":"2020-03-24T12:04:57","date_gmt":"2020-03-24T11:04:57","guid":{"rendered":"https:\/\/hansa-apartments.de\/?page_id=831"},"modified":"2020-03-24T12:26:21","modified_gmt":"2020-03-24T11:26:21","slug":"lokalizacja-i-przylot","status":"publish","type":"page","link":"https:\/\/hansa-apartments.de\/pl\/lokalizacja-i-przylot\/","title":{"rendered":"Lokalizacja i przylot"},"content":{"rendered":"<div class=\"columns-wrapper\">\n<div class=\"column-one-half\">\n<div class=\"section-title\">\n<p>wszystko \u0142atwo dost\u0119pne<\/p>\n<h2>Lokalizacja i otoczenie<\/h2>\n<\/div>\n<ul class=\"hansa-apartments\">\n<li><i class=\"fas fa-plane-departure\"><\/i>Lotnisko: 9,6 km<\/li>\n<li><i class=\"fas fa-train\"><\/i>S-Bahn: 0,5 km, a wi\u0119c do miasta w ok. 20 min<\/li>\n<li><i class=\"fas fa-bus\"><\/i>Bus: 0,3km, a wi\u0119c do miasta w ok. 40 min.<\/li>\n<li><i class=\"fas fa-road\"><\/i>Autostrada A24: 1,9 km<\/li>\n<li><i class=\"fa-utensils fas\"><\/i>Restaurant: 0 km<\/li>\n<li><i class=\"fas fa-shopping-basket\"><\/i>REWE Center: 0,3 km<\/li>\n<li><i class=\"fas fa-shopping-basket\"><\/i>Real: 0,4 km<\/li>\n<li><i class=\"fas fa-shopping-basket\"><\/i>ALDI: 0,6 km<\/li>\n<li><i class=\"fas fa-city\"><\/i>Ratusz w Hamburgu: 9,6 km<\/li>\n<li><i class=\"fas fa-water\"><\/i>Wewn\u0119trzny Alster: 9,2 km<\/li>\n<li><i class=\"fas fa-ship\"><\/i>Port w Hamburgu: 11,3 km<\/li>\n<\/ul>\n<\/div>\n<div class=\"column-one-half\">\n<div class=\"section-title\">\nPrzyjed\u017a bezpiecznie<\/p>\n<h2>Podr\u00f3\u017c i parking<\/h2>\n<\/div>\n<ul class=\"hansa-apartments\">\n<li>\n<h4><i class=\"fas fa-parking\"><\/i>Parking<\/h4>\n<\/li>\n<li class=\"no-icon\">Mo\u017cesz zaparkowa\u0107 na hotelowym parkingu lub na parkingu publicznym<\/li>\n<li>\n<h4><i class=\"fas fa-train\"><\/i>Poci\u0105g<\/h4>\n<\/li>\n<li class=\"no-icon\">z dworca g\u0142\u00f3wnego z RB 81 w kierunku Bad Oldesloe ok. 15 minut do S-Bahn Tonndorf<\/li>\n<li>\n<h4><i class=\"fas fa-bus\"><\/i>Bus<\/h4>\n<\/li>\n<li class=\"no-icon\">Autobusem 11 z Wandsbeker Markt w kierunku Jenfelder Allee (centrum) mo\u017cna dojecha\u0107 w 17 minut<\/li>\n<\/ul>\n<\/div>\n<\/div>\n<div class=\"columns-wrapper\">\n<figure class=\"wp-block-image size-large\"><img decoding=\"async\" width=\"1024\" height=\"540\" src=\"https:\/\/hansa-apartments.de\/wp-content\/uploads\/2019\/12\/Hansa-Apartment-3C-12-1024x540.jpg\" alt=\"\" class=\"wp-image-350\" srcset=\"https:\/\/hansa-apartments.de\/wp-content\/uploads\/2019\/12\/Hansa-Apartment-3C-12-1024x540.jpg 1024w, https:\/\/hansa-apartments.de\/wp-content\/uploads\/2019\/12\/Hansa-Apartment-3C-12-300x158.jpg 300w, https:\/\/hansa-apartments.de\/wp-content\/uploads\/2019\/12\/Hansa-Apartment-3C-12-768x405.jpg 768w, https:\/\/hansa-apartments.de\/wp-content\/uploads\/2019\/12\/Hansa-Apartment-3C-12-1536x810.jpg 1536w, https:\/\/hansa-apartments.de\/wp-content\/uploads\/2019\/12\/Hansa-Apartment-3C-12-2048x1080.jpg 2048w\" sizes=\"(max-width: 1024px) 100vw, 1024px\" \/><\/figure>\n<\/div>\n<div class=\"section-title\">\n<p>Prosty i bezpo\u015bredni<\/p>\n<h2>Zameldowanie i wymeldowanie<\/h2>\n<\/div>\n<div class=\"columns-wrapper\">\n<div class=\"column-one-half\">\n<ul class=\"hansa-apartments\">\n<li>\n<h4><i class=\"fas fa-user-check\"><\/i>Check-in: ab 15Uhr<\/h4>\n<\/li>\n<li class=\"no-icon\">Je\u015bli mieszkanie jest posprz\u0105tane i gotowe do zamieszkania, mo\u017cesz si\u0119 do niego wcze\u015bniej wprowadzi\u0107.<\/li>\n<\/ul>\n<\/div>\n<div class=\"column-one-half\">\n<ul class=\"hansa-apartments\">\n<li>\n<h4><i class=\"fas fa-user-friends\"><\/i>Check-out: bis 10Uhr<\/h4>\n<\/li>\n<li class=\"no-icon\">Mo\u017cesz to r\u00f3wnie\u017c z nami koordynowa\u0107 indywidualnie.<\/li>\n<\/ul>\n<\/div>\n<\/div>\n","protected":false},"excerpt":{"rendered":"<p>wszystko \u0142atwo dost\u0119pne Lokalizacja i otoczenie Lotnisko: 9,6 km S-Bahn: 0,5 km, a wi\u0119c do miasta w ok. 20 min Bus: 0,3km, a wi\u0119c do miasta w ok. 40 min. Autostrada A24: 1,9 km Restaurant: 0 km REWE Center: 0,3 km Real: 0,4 km ALDI: 0,6 km Ratusz w Hamburgu: 9,6 km Wewn\u0119trzny Alster: 9,2 [&hellip;]<\/p>\n","protected":false},"author":1,"featured_media":0,"parent":0,"menu_order":0,"comment_status":"closed","ping_status":"closed","template":"page-with-sidebar.php","meta":[],"_links":{"self":[{"href":"https:\/\/hansa-apartments.de\/pl\/wp-json\/wp\/v2\/pages\/831"}],"collection":[{"href":"https:\/\/hansa-apartments.de\/pl\/wp-json\/wp\/v2\/pages"}],"about":[{"href":"https:\/\/hansa-apartments.de\/pl\/wp-json\/wp\/v2\/types\/page"}],"author":[{"embeddable":true,"href":"https:\/\/hansa-apartments.de\/pl\/wp-json\/wp\/v2\/users\/1"}],"replies":[{"embeddable":true,"href":"https:\/\/hansa-apartments.de\/pl\/wp-json\/wp\/v2\/comments?post=831"}],"version-history":[{"count":4,"href":"https:\/\/hansa-apartments.de\/pl\/wp-json\/wp\/v2\/pages\/831\/revisions"}],"predecessor-version":[{"id":849,"href":"https:\/\/hansa-apartments.de\/pl\/wp-json\/wp\/v2\/pages\/831\/revisions\/849"}],"wp:attachment":[{"href":"https:\/\/hansa-apartments.de\/pl\/wp-json\/wp\/v2\/media?parent=831"}],"curies":[{"name":"wp","href":"https:\/\/api.w.org\/{rel}","templated":true}]}}