{"id":846,"date":"2020-03-24T12:24:27","date_gmt":"2020-03-24T11:24:27","guid":{"rendered":"https:\/\/hansa-apartments.de\/?page_id=846"},"modified":"2020-12-10T12:56:56","modified_gmt":"2020-12-10T11:56:56","slug":"stycznosc","status":"publish","type":"page","link":"https:\/\/hansa-apartments.de\/pl\/stycznosc\/","title":{"rendered":"Kontakt"},"content":{"rendered":"<div class=\"columns-wrapper\">\n<div class=\"column-one-half\">\n<div class=\"section-title\">\n<p>Jeste\u015bmy zawsze do Twojej dyspozycji<\/p>\n<h2>Kontakt<\/h2>\n<\/div>\n<p>Je\u015bli masz jakie\u015b pytania, pro\u015bby lub sugestie,<br \/>\nskontaktuj si\u0119 z nami.<\/p>\n<p>Odpowiemy wkr\u00f3tce!<\/p>\n<p>Hansa Apartments GbR.<br \/>\nJenfelder Allee 75b-c<br \/>\n22045 Hamburg<\/p>\n<p>Mobile\/Whatapp: <a href=\"tel:+491729799888\">+49 172 97 99 888<\/a><br \/>\nEmail: <a href=\"mailto:info@hansa-apartments.de\">info@hansa-apartments.de <\/a><\/p>\n<\/div>\n<div class=\"column-one-half\">\n<div class=\"section-title\">\n<p>Poinformuj nas o swoich obawach<\/p>\n<h2>Formularz kontaktowy<\/h2>\n<\/div>\n<p>[contact-form-7 id=&#8221;713&#8243; title=&#8221;Mein Kontakt Form&#8221;]<\/p>\n<\/div>\n<\/div>\n","protected":false},"excerpt":{"rendered":"<p>Jeste\u015bmy zawsze do Twojej dyspozycji Kontakt Je\u015bli masz jakie\u015b pytania, pro\u015bby lub sugestie, skontaktuj si\u0119 z nami. Odpowiemy wkr\u00f3tce! Hansa Apartments GbR. Jenfelder Allee 75b-c 22045 Hamburg Mobile\/Whatapp: +49 172 97 99 888 Email: info@hansa-apartments.de Poinformuj nas o swoich obawach Formularz kontaktowy [contact-form-7 id=&#8221;713&#8243; title=&#8221;Mein Kontakt Form&#8221;]<\/p>\n","protected":false},"author":1,"featured_media":0,"parent":0,"menu_order":0,"comment_status":"closed","ping_status":"closed","template":"page-khong-sidebar.php","meta":[],"_links":{"self":[{"href":"https:\/\/hansa-apartments.de\/pl\/wp-json\/wp\/v2\/pages\/846"}],"collection":[{"href":"https:\/\/hansa-apartments.de\/pl\/wp-json\/wp\/v2\/pages"}],"about":[{"href":"https:\/\/hansa-apartments.de\/pl\/wp-json\/wp\/v2\/types\/page"}],"author":[{"embeddable":true,"href":"https:\/\/hansa-apartments.de\/pl\/wp-json\/wp\/v2\/users\/1"}],"replies":[{"embeddable":true,"href":"https:\/\/hansa-apartments.de\/pl\/wp-json\/wp\/v2\/comments?post=846"}],"version-history":[{"count":4,"href":"https:\/\/hansa-apartments.de\/pl\/wp-json\/wp\/v2\/pages\/846\/revisions"}],"predecessor-version":[{"id":937,"href":"https:\/\/hansa-apartments.de\/pl\/wp-json\/wp\/v2\/pages\/846\/revisions\/937"}],"wp:attachment":[{"href":"https:\/\/hansa-apartments.de\/pl\/wp-json\/wp\/v2\/media?parent=846"}],"curies":[{"name":"wp","href":"https:\/\/api.w.org\/{rel}","templated":true}]}}